{"id":797,"date":"2020-05-18T16:04:27","date_gmt":"2020-05-18T14:04:27","guid":{"rendered":"http:\/\/www.c-s-avocats.fr\/?page_id=797"},"modified":"2020-05-18T16:05:25","modified_gmt":"2020-05-18T14:05:25","slug":"rgpd","status":"publish","type":"page","link":"https:\/\/www.c-s-avocats.fr\/?page_id=797","title":{"rendered":"[ RGPD ]"},"content":{"rendered":"\t\t<div data-elementor-type=\"wp-page\" data-elementor-id=\"797\" class=\"elementor elementor-797\" data-elementor-settings=\"[]\">\n\t\t\t\t\t\t<div class=\"elementor-inner\">\n\t\t\t\t\t\t\t<div class=\"elementor-section-wrap\">\n\t\t\t\t\t\t\t<section class=\"elementor-section elementor-top-section elementor-element elementor-element-2d567a6 elementor-section-full_width elementor-section-height-min-height elementor-section-height-default elementor-section-items-middle\" data-id=\"2d567a6\" data-element_type=\"section\">\n\t\t\t\t\t\t\t<div class=\"elementor-background-overlay\"><\/div>\n\t\t\t\t\t\t\t<div class=\"elementor-container elementor-column-gap-default\">\n\t\t\t\t\t\t\t<div class=\"elementor-row\">\n\t\t\t\t\t<div class=\"elementor-column elementor-col-100 elementor-top-column elementor-element elementor-element-13db791\" data-id=\"13db791\" data-element_type=\"column\" data-settings=\"{&quot;animation&quot;:&quot;none&quot;}\">\n\t\t\t<div class=\"elementor-column-wrap\">\n\t\t\t\t\t\t\t<div class=\"elementor-widget-wrap\">\n\t\t\t\t\t\t\t\t<\/div>\n\t\t\t\t\t<\/div>\n\t\t<\/div>\n\t\t\t\t\t\t\t\t<\/div>\n\t\t\t\t\t<\/div>\n\t\t<\/section>\n\t\t\t\t<section class=\"elementor-section elementor-top-section elementor-element elementor-element-ce70ec9 elementor-section-boxed elementor-section-height-default elementor-section-height-default\" data-id=\"ce70ec9\" data-element_type=\"section\" data-settings=\"{&quot;background_background&quot;:&quot;gradient&quot;,&quot;animation&quot;:&quot;none&quot;}\">\n\t\t\t\t\t\t<div class=\"elementor-container elementor-column-gap-default\">\n\t\t\t\t\t\t\t<div class=\"elementor-row\">\n\t\t\t\t\t<div class=\"elementor-column elementor-col-100 elementor-top-column elementor-element elementor-element-4c7b587 animated-slow\" data-id=\"4c7b587\" data-element_type=\"column\" data-settings=\"{&quot;background_background&quot;:&quot;gradient&quot;,&quot;animation&quot;:&quot;none&quot;}\">\n\t\t\t<div class=\"elementor-column-wrap elementor-element-populated\">\n\t\t\t\t\t\t\t<div class=\"elementor-widget-wrap\">\n\t\t\t\t\t\t<div class=\"elementor-element elementor-element-fbd6fa1 elementor-widget elementor-widget-heading\" data-id=\"fbd6fa1\" data-element_type=\"widget\" data-settings=\"{&quot;_animation&quot;:&quot;none&quot;}\" data-widget_type=\"heading.default\">\n\t\t\t\t<div class=\"elementor-widget-container\">\n\t\t\t<h2 class=\"elementor-heading-title elementor-size-default\">Politique de confidentialit\u00e9 <br> & <br> RGPD<\/h2>\t\t<\/div>\n\t\t\t\t<\/div>\n\t\t\t\t<div class=\"elementor-element elementor-element-c2b173d elementor-widget-divider--view-line elementor-widget elementor-widget-divider\" data-id=\"c2b173d\" data-element_type=\"widget\" data-widget_type=\"divider.default\">\n\t\t\t\t<div class=\"elementor-widget-container\">\n\t\t\t\t\t<div class=\"elementor-divider\">\n\t\t\t<span class=\"elementor-divider-separator\">\n\t\t\t\t\t\t<\/span>\n\t\t<\/div>\n\t\t\t\t<\/div>\n\t\t\t\t<\/div>\n\t\t\t\t<div class=\"elementor-element elementor-element-2bafc5b elementor-widget elementor-widget-text-editor\" data-id=\"2bafc5b\" data-element_type=\"widget\" data-widget_type=\"text-editor.default\">\n\t\t\t\t<div class=\"elementor-widget-container\">\n\t\t\t\t\t\t\t\t<div class=\"elementor-text-editor elementor-clearfix\">\n\t\t\t\t\t<p>La pr\u00e9sente politique de confidentialit\u00e9 d\u00e9finit le cadre l\u00e9gal de collecte, utilisation et traitement par C&amp;S AVOCATS des donn\u00e9es personnelles de ses clients faisant usage de ses services. Ces donn\u00e9es et informations sont n\u00e9cessaires pour le traitement et pour la fourniture des services propos\u00e9s par C&amp;S AVOCATS.<\/p><p>C&amp;S AVOCATS s\u2019engage \u00e0 respecter la r\u00e8glementation applicable en mati\u00e8re de protection des donn\u00e9es personnelles, et notamment les obligations d\u00e9coulant du r\u00e8glement europ\u00e9en n\u00b02016\/679 sur la protection des donn\u00e9es personnelles (RGPD).<\/p><p style=\"text-align: left;\"><strong>LES INFORMATIONS COLLECTEES :<\/strong><\/p><p style=\"text-align: left;\">C&amp;S AVOCATS est susceptible de collecter toute information, identifiant directement ou indirectement le client, n\u00e9cessaire au contact d\u2019un avocat et n\u00e9cessaire \u00e0 ses prestations. La transmission des informations nominatives collect\u00e9es est obligatoire. Ces informations sont n\u00e9cessaires pour la gestion du dossier de la personne et les prestations de C&amp;S AVOCATS.<br \/>Sont notamment concern\u00e9es :<br \/>\u2022 l\u2019identit\u00e9 compl\u00e8te et d\u00e9taill\u00e9e du client<br \/>\u2022 l\u2019activit\u00e9, les documents juridiques ant\u00e9rieurs et la comptabilit\u00e9 du client.<\/p><p style=\"text-align: left;\"><strong>L\u2019USAGE DES DONN\u00c9ES PERSONNELLES COLLECT\u00c9ES :<\/strong><\/p><p style=\"text-align: left;\">C&amp;S AVOCATS utilise, stocke et traite les donn\u00e9es personnelles collect\u00e9es, afin notamment de :<br \/>\u2022 traiter le dossier confi\u00e9<br \/>\u2022 se conformer aux obligations l\u00e9gales lui incombant<br \/>\u2022 permettre aux clients de communiquer avec l\u2019\u00e9quipe de C&amp;S AVOCATS<br \/>\u2022 g\u00e9rer l\u2019administratif et la comptabilit\u00e9 de C&amp;S AVOCATS<br \/>\u2022 envoyer des messages informationnels, juridiques, ou newsletter.<\/p><p style=\"text-align: left;\"><b>LES R\u00c8GLES\u00a0DE DIVULGATION DES DONN\u00c9ES\u00a0PERSONNELLES :<\/b><\/p><p style=\"text-align: left;\">C&amp;S AVOCATS s\u2019interdit de divulguer les donn\u00e9es collect\u00e9es sauf aux tribunaux, autorit\u00e9s gouvernementales ou charg\u00e9es de l\u2019application de la loi ou \u00e0 des tiers autoris\u00e9s, si la loi l\u2019exige ou le permet, ou si une telle divulgation est raisonnablement jug\u00e9e n\u00e9cessaire : (i) pour respecter les obligations l\u00e9gales de C&amp;S AVOCATS, (ii) afin de se conformer au processus judiciaire et de donner suite aux r\u00e9clamations pr\u00e9sent\u00e9es contre C&amp;S AVOCATS, (iii) pour r\u00e9pondre \u00e0 des demandes v\u00e9rifi\u00e9es dans le cadre d\u2019une enqu\u00eate judiciaire ou d\u2019une activit\u00e9 ill\u00e9gale pr\u00e9tendue ou soup\u00e7onn\u00e9e ou de toute autre activit\u00e9 qui peut exposer C&amp;S AVOCATS ou le client \u00e0 une responsabilit\u00e9 l\u00e9gale.<br \/>C&amp;S AVOCATS peut sous-traiter les prestations d\u2019h\u00e9bergement des donn\u00e9es personnelles \u00e0 la condition que lesdites donn\u00e9es soient trait\u00e9es par une plateforme d\u2019h\u00e9bergement localis\u00e9e sur le territoire de l\u2019Union Europ\u00e9enne et des \u00c9tats-Unis d\u2019Am\u00e9rique.<br \/>Les donn\u00e9es personnelles peuvent \u00eatre transmises aupr\u00e8s de prestataires techniques, dans la seule finalit\u00e9 de la bonne ex\u00e9cution des prestations ou \u00e0 ses diff\u00e9rents fournisseurs.<\/p><p style=\"text-align: left;\"><strong>LES DROITS DES UTILISATEURS :<\/strong><\/p><p style=\"text-align: left;\">Les donn\u00e9es collect\u00e9es seront conserv\u00e9es le temps limit\u00e9 \u00e0 ce qui est strictement n\u00e9cessaire.<br \/>Les clients profitent d&rsquo;un droit d&rsquo;acc\u00e8s, de rectification, de modification, d&rsquo;opposition, de portabilit\u00e9 et de suppression des donn\u00e9es personnelles le concernant en \u00e9crivant \u00e0 l&rsquo;adresse suivante : contact@c-s-avocats.fr, en indiquant son nom, pr\u00e9nom, e-mail et adresse. Conform\u00e9ment \u00e0 la r\u00e9glementation en vigueur, toute demande doit \u00eatre sign\u00e9e et accompagn\u00e9e de la photocopie d&rsquo;un titre d&rsquo;identit\u00e9 portant la signature du client.<br \/>Conform\u00e9ment \u00e0 l\u2019article 48 du r\u00e8glement europ\u00e9en n\u00b0 2016\/679 sur la protection des donn\u00e9es, C&amp;S AVOCATS n\u2019a pas nomm\u00e9 de d\u00e9l\u00e9gu\u00e9 \u00e0 la protection des donn\u00e9es personnelles (DPO).<br \/>L\u2019Utilisateur pourra r\u00e9cup\u00e9rer ses donn\u00e9es personnelles dans un format ouvert et lisible. Le droit \u00e0 la portabilit\u00e9 est limit\u00e9 aux donn\u00e9es fournies par le client concern\u00e9. Il s\u2019applique sur la base du consentement pr\u00e9alable du client. C&amp;S AVOCATS s\u2019engage \u00e0 transf\u00e9rer, sur demande, dans un d\u00e9lai d\u2019un (1) mois, tout document de recueil des donn\u00e9es personnelles au client afin de pouvoir mettre en \u0153uvre le droit \u00e0 portabilit\u00e9. Les frais li\u00e9s \u00e0 la r\u00e9cup\u00e9ration des donn\u00e9es sont \u00e0 la charge du client en faisant la demande.<\/p>\t\t\t\t\t<\/div>\n\t\t\t\t\t\t<\/div>\n\t\t\t\t<\/div>\n\t\t\t\t\t\t<\/div>\n\t\t\t\t\t<\/div>\n\t\t<\/div>\n\t\t\t\t\t\t\t\t<\/div>\n\t\t\t\t\t<\/div>\n\t\t<\/section>\n\t\t\t\t<section class=\"elementor-section elementor-top-section elementor-element elementor-element-cbf7748 elementor-section-boxed elementor-section-height-default elementor-section-height-default\" data-id=\"cbf7748\" data-element_type=\"section\">\n\t\t\t\t\t\t<div class=\"elementor-container elementor-column-gap-default\">\n\t\t\t\t\t\t\t<div class=\"elementor-row\">\n\t\t\t\t\t<div class=\"elementor-column elementor-col-100 elementor-top-column elementor-element elementor-element-de3ce37\" data-id=\"de3ce37\" data-element_type=\"column\">\n\t\t\t<div class=\"elementor-column-wrap elementor-element-populated\">\n\t\t\t\t\t\t\t<div class=\"elementor-widget-wrap\">\n\t\t\t\t\t\t<div class=\"elementor-element elementor-element-a566676 elementor-widget elementor-widget-spacer\" data-id=\"a566676\" data-element_type=\"widget\" data-widget_type=\"spacer.default\">\n\t\t\t\t<div class=\"elementor-widget-container\">\n\t\t\t\t\t<div class=\"elementor-spacer\">\n\t\t\t<div class=\"elementor-spacer-inner\"><\/div>\n\t\t<\/div>\n\t\t\t\t<\/div>\n\t\t\t\t<\/div>\n\t\t\t\t\t\t<\/div>\n\t\t\t\t\t<\/div>\n\t\t<\/div>\n\t\t\t\t\t\t\t\t<\/div>\n\t\t\t\t\t<\/div>\n\t\t<\/section>\n\t\t\t\t\t\t<\/div>\n\t\t\t\t\t\t<\/div>\n\t\t\t\t\t<\/div>\n\t\t","protected":false},"excerpt":{"rendered":"<p>Politique de confidentialit\u00e9 &#038; RGPD La pr\u00e9sente politique de confidentialit\u00e9 d\u00e9finit le cadre l\u00e9gal de collecte, utilisation et traitement par C&amp;S AVOCATS des donn\u00e9es personnelles de ses clients faisant usage de ses services. Ces donn\u00e9es et informations sont n\u00e9cessaires pour le traitement et pour la fourniture des services propos\u00e9s par C&amp;S AVOCATS. C&amp;S AVOCATS s\u2019engage &hellip;<\/p>\n<p class=\"read-more\"> <a class=\"\" href=\"https:\/\/www.c-s-avocats.fr\/?page_id=797\"> <span class=\"screen-reader-text\">[ RGPD ]<\/span> Lire la suite\u00a0\u00bb<\/a><\/p>\n","protected":false},"author":1,"featured_media":0,"parent":0,"menu_order":0,"comment_status":"closed","ping_status":"closed","template":"","meta":[],"yoast_head":"<!-- This site is optimized with the Yoast SEO plugin v15.5 - https:\/\/yoast.com\/wordpress\/plugins\/seo\/ -->\n<title>[ RGPD ] - C-S-AVOCATS<\/title>\n<meta name=\"robots\" content=\"index, follow, max-snippet:-1, max-image-preview:large, max-video-preview:-1\" \/>\n<link rel=\"canonical\" href=\"https:\/\/www.c-s-avocats.fr\/?page_id=797\" \/>\n<meta property=\"og:locale\" content=\"fr_FR\" \/>\n<meta property=\"og:type\" content=\"article\" \/>\n<meta property=\"og:title\" content=\"[ RGPD ] - C-S-AVOCATS\" \/>\n<meta property=\"og:description\" content=\"Politique de confidentialit\u00e9 &#038; RGPD La pr\u00e9sente politique de confidentialit\u00e9 d\u00e9finit le cadre l\u00e9gal de collecte, utilisation et traitement par C&amp;S AVOCATS des donn\u00e9es personnelles de ses clients faisant usage de ses services. Ces donn\u00e9es et informations sont n\u00e9cessaires pour le traitement et pour la fourniture des services propos\u00e9s par C&amp;S AVOCATS. C&amp;S AVOCATS s\u2019engage &hellip; [ RGPD ] Lire la suite\u00a0\u00bb\" \/>\n<meta property=\"og:url\" content=\"https:\/\/www.c-s-avocats.fr\/?page_id=797\" \/>\n<meta property=\"og:site_name\" content=\"C-S-AVOCATS\" \/>\n<meta property=\"article:modified_time\" content=\"2020-05-18T14:05:25+00:00\" \/>\n<meta name=\"twitter:card\" content=\"summary_large_image\" \/>\n<meta name=\"twitter:label1\" content=\"Dur\u00e9e de lecture est.\">\n\t<meta name=\"twitter:data1\" content=\"3 minutes\">\n<script type=\"application\/ld+json\" class=\"yoast-schema-graph\">{\"@context\":\"https:\/\/schema.org\",\"@graph\":[{\"@type\":\"WebSite\",\"@id\":\"https:\/\/www.c-s-avocats.fr\/#website\",\"url\":\"https:\/\/www.c-s-avocats.fr\/\",\"name\":\"C-S-AVOCATS\",\"description\":\"Conseil &amp; Strat\\u00e9gie\",\"potentialAction\":[{\"@type\":\"SearchAction\",\"target\":\"https:\/\/www.c-s-avocats.fr\/?s={search_term_string}\",\"query-input\":\"required name=search_term_string\"}],\"inLanguage\":\"fr-FR\"},{\"@type\":\"WebPage\",\"@id\":\"https:\/\/www.c-s-avocats.fr\/?page_id=797#webpage\",\"url\":\"https:\/\/www.c-s-avocats.fr\/?page_id=797\",\"name\":\"[ RGPD ] - C-S-AVOCATS\",\"isPartOf\":{\"@id\":\"https:\/\/www.c-s-avocats.fr\/#website\"},\"datePublished\":\"2020-05-18T14:04:27+00:00\",\"dateModified\":\"2020-05-18T14:05:25+00:00\",\"inLanguage\":\"fr-FR\",\"potentialAction\":[{\"@type\":\"ReadAction\",\"target\":[\"https:\/\/www.c-s-avocats.fr\/?page_id=797\"]}]}]}<\/script>\n<!-- \/ Yoast SEO plugin. -->","_links":{"self":[{"href":"https:\/\/www.c-s-avocats.fr\/index.php?rest_route=\/wp\/v2\/pages\/797"}],"collection":[{"href":"https:\/\/www.c-s-avocats.fr\/index.php?rest_route=\/wp\/v2\/pages"}],"about":[{"href":"https:\/\/www.c-s-avocats.fr\/index.php?rest_route=\/wp\/v2\/types\/page"}],"author":[{"embeddable":true,"href":"https:\/\/www.c-s-avocats.fr\/index.php?rest_route=\/wp\/v2\/users\/1"}],"replies":[{"embeddable":true,"href":"https:\/\/www.c-s-avocats.fr\/index.php?rest_route=%2Fwp%2Fv2%2Fcomments&post=797"}],"version-history":[{"count":3,"href":"https:\/\/www.c-s-avocats.fr\/index.php?rest_route=\/wp\/v2\/pages\/797\/revisions"}],"predecessor-version":[{"id":800,"href":"https:\/\/www.c-s-avocats.fr\/index.php?rest_route=\/wp\/v2\/pages\/797\/revisions\/800"}],"wp:attachment":[{"href":"https:\/\/www.c-s-avocats.fr\/index.php?rest_route=%2Fwp%2Fv2%2Fmedia&parent=797"}],"curies":[{"name":"wp","href":"https:\/\/api.w.org\/{rel}","templated":true}]}}