{"id":83,"date":"2020-05-02T09:35:26","date_gmt":"2020-05-02T07:35:26","guid":{"rendered":"http:\/\/www.c-s-avocats.fr\/?page_id=83"},"modified":"2020-08-21T10:12:56","modified_gmt":"2020-08-21T08:12:56","slug":"a-propos-de-cs-avocats","status":"publish","type":"page","link":"https:\/\/www.c-s-avocats.fr\/?page_id=83","title":{"rendered":"[ Notre histoire ]"},"content":{"rendered":"\t\t<div data-elementor-type=\"wp-page\" data-elementor-id=\"83\" class=\"elementor elementor-83\" data-elementor-settings=\"[]\">\n\t\t\t\t\t\t<div class=\"elementor-inner\">\n\t\t\t\t\t\t\t<div class=\"elementor-section-wrap\">\n\t\t\t\t\t\t\t<section class=\"elementor-section elementor-top-section elementor-element elementor-element-c1359e elementor-section-full_width elementor-section-height-default elementor-section-height-default\" data-id=\"c1359e\" data-element_type=\"section\" data-settings=\"{&quot;background_background&quot;:&quot;classic&quot;}\">\n\t\t\t\t\t\t\t<div class=\"elementor-background-overlay\"><\/div>\n\t\t\t\t\t\t\t<div class=\"elementor-container elementor-column-gap-default\">\n\t\t\t\t\t\t\t<div class=\"elementor-row\">\n\t\t\t\t\t<div class=\"elementor-column elementor-col-100 elementor-top-column elementor-element elementor-element-4df1fba4\" data-id=\"4df1fba4\" data-element_type=\"column\" data-settings=\"{&quot;background_background&quot;:&quot;classic&quot;}\">\n\t\t\t<div class=\"elementor-column-wrap elementor-element-populated\">\n\t\t\t\t\t<div class=\"elementor-background-overlay\"><\/div>\n\t\t\t\t\t\t\t<div class=\"elementor-widget-wrap\">\n\t\t\t\t\t\t<section class=\"elementor-section elementor-inner-section elementor-element elementor-element-47c97e53 elementor-section-boxed elementor-section-height-default elementor-section-height-default\" data-id=\"47c97e53\" data-element_type=\"section\" data-settings=\"{&quot;background_background&quot;:&quot;gradient&quot;}\">\n\t\t\t\t\t\t<div class=\"elementor-container elementor-column-gap-no\">\n\t\t\t\t\t\t\t<div class=\"elementor-row\">\n\t\t\t\t\t<div class=\"elementor-column elementor-col-100 elementor-inner-column elementor-element elementor-element-7cb12fd6\" data-id=\"7cb12fd6\" data-element_type=\"column\" data-settings=\"{&quot;background_background&quot;:&quot;classic&quot;}\">\n\t\t\t<div class=\"elementor-column-wrap elementor-element-populated\">\n\t\t\t\t\t\t\t<div class=\"elementor-widget-wrap\">\n\t\t\t\t\t\t<div class=\"elementor-element elementor-element-3838b5d1 elementor-widget elementor-widget-heading\" data-id=\"3838b5d1\" data-element_type=\"widget\" data-widget_type=\"heading.default\">\n\t\t\t\t<div class=\"elementor-widget-container\">\n\t\t\t<h3 class=\"elementor-heading-title elementor-size-large\">A propos de C&amp;S AVOCATS<\/h3>\t\t<\/div>\n\t\t\t\t<\/div>\n\t\t\t\t<div class=\"elementor-element elementor-element-73c30e77 elementor-widget elementor-widget-text-editor\" data-id=\"73c30e77\" data-element_type=\"widget\" data-widget_type=\"text-editor.default\">\n\t\t\t\t<div class=\"elementor-widget-container\">\n\t\t\t\t\t\t\t\t<div class=\"elementor-text-editor elementor-clearfix\">\n\t\t\t\t\t<p>Riche d&rsquo;une exp\u00e9rience tant nationale qu\u2019internationale et d\u2019une expertise qualifi\u00e9e en droit des affaires, Jessica BRON d\u00e9cide en 2010 de fonder <strong>C&amp;S AVOCATS<\/strong>. Cabinet d\u2019avocats ind\u00e9pendant dont la <strong>force<\/strong> est le <strong>collectif<\/strong> : l\u2019expertise de ses avocats, la force de son r\u00e9seau de partenaires et la diversit\u00e9 de ses clients.<\/p><p>Mais tr\u00e8s vite ces clients sont devenus des partenaires, des amis, des inspirations, des moteurs.<br \/>Notre histoire s\u2019est nourrie d\u2019initiatives, de partages, de rencontres, d\u2019exp\u00e9riences\u2026<\/p><p>Notre <strong>expertise<\/strong> repose sur le savoir acquis au Canada et dans un cabinet am\u00e9ricain.<\/p><p>Rencontres et <strong>partages<\/strong> dans de nombreux r\u00e9seaux dont\u00a0:<\/p><p><img loading=\"lazy\" class=\"wp-image-547 aligncenter\" src=\"http:\/\/www.c-s-avocats.fr\/wp-content\/uploads\/2020\/05\/Sans-titre1.png\" alt=\"\" width=\"400\" height=\"67\" srcset=\"https:\/\/www.c-s-avocats.fr\/wp-content\/uploads\/2020\/05\/Sans-titre1.png 828w, https:\/\/www.c-s-avocats.fr\/wp-content\/uploads\/2020\/05\/Sans-titre1-300x50.png 300w, https:\/\/www.c-s-avocats.fr\/wp-content\/uploads\/2020\/05\/Sans-titre1-768x128.png 768w\" sizes=\"(max-width: 400px) 100vw, 400px\" \/><\/p><p>Ce qui r\u00e9sulte de ce collectif est une expertise in\u00e9dite que nous souhaitons mettre \u00e0 votre service.<br \/>Notamment en <strong>vous accompagnant<\/strong> au quotidien et dans toutes les \u00e9tapes de votre entreprise, quelle que soit sa taille, et quel que soit votre domaine d\u2019activit\u00e9, de la cr\u00e9ation \u00e0 la transmission.<br \/>Nous mettrons notre expertise juridique en droit des affaires pour satisfaire vos besoins, s\u00e9curiser vos relations et favoriser le parfait d\u00e9veloppement de votre entreprise et de votre patrimoine.<br \/>Bien sur nous saurons \u00eatre pr\u00e9sents pour vous aider \u00e0 passer les difficult\u00e9s \u00e9ventuelles et mettons tout en \u0153uvre pour d\u00e9fendre vos int\u00e9r\u00eats.<br \/><strong>Engag\u00e9s<\/strong> et <strong>impliqu\u00e9s<\/strong> pour votre entreprise et son d\u00e9veloppement\u2026<\/p>\t\t\t\t\t<\/div>\n\t\t\t\t\t\t<\/div>\n\t\t\t\t<\/div>\n\t\t\t\t\t\t<\/div>\n\t\t\t\t\t<\/div>\n\t\t<\/div>\n\t\t\t\t\t\t\t\t<\/div>\n\t\t\t\t\t<\/div>\n\t\t<\/section>\n\t\t\t\t\t\t<\/div>\n\t\t\t\t\t<\/div>\n\t\t<\/div>\n\t\t\t\t\t\t\t\t<\/div>\n\t\t\t\t\t<\/div>\n\t\t<\/section>\n\t\t\t\t<section class=\"elementor-section elementor-top-section elementor-element elementor-element-6df48ec elementor-section-boxed elementor-section-height-default elementor-section-height-default\" data-id=\"6df48ec\" data-element_type=\"section\" data-settings=\"{&quot;background_background&quot;:&quot;classic&quot;}\">\n\t\t\t\t\t\t<div class=\"elementor-container elementor-column-gap-default\">\n\t\t\t\t\t\t\t<div class=\"elementor-row\">\n\t\t\t\t\t<div class=\"elementor-column elementor-col-100 elementor-top-column elementor-element elementor-element-95f37bf\" data-id=\"95f37bf\" data-element_type=\"column\">\n\t\t\t<div class=\"elementor-column-wrap elementor-element-populated\">\n\t\t\t\t\t\t\t<div class=\"elementor-widget-wrap\">\n\t\t\t\t\t\t<div class=\"elementor-element elementor-element-0ac4b9c elementor-widget elementor-widget-spacer\" data-id=\"0ac4b9c\" data-element_type=\"widget\" data-widget_type=\"spacer.default\">\n\t\t\t\t<div class=\"elementor-widget-container\">\n\t\t\t\t\t<div class=\"elementor-spacer\">\n\t\t\t<div class=\"elementor-spacer-inner\"><\/div>\n\t\t<\/div>\n\t\t\t\t<\/div>\n\t\t\t\t<\/div>\n\t\t\t\t\t\t<\/div>\n\t\t\t\t\t<\/div>\n\t\t<\/div>\n\t\t\t\t\t\t\t\t<\/div>\n\t\t\t\t\t<\/div>\n\t\t<\/section>\n\t\t\t\t\t\t<\/div>\n\t\t\t\t\t\t<\/div>\n\t\t\t\t\t<\/div>\n\t\t","protected":false},"excerpt":{"rendered":"<p>A propos de C&amp;S AVOCATS Riche d&rsquo;une exp\u00e9rience tant nationale qu\u2019internationale et d\u2019une expertise qualifi\u00e9e en droit des affaires, Jessica BRON d\u00e9cide en 2010 de fonder C&amp;S AVOCATS. Cabinet d\u2019avocats ind\u00e9pendant dont la force est le collectif : l\u2019expertise de ses avocats, la force de son r\u00e9seau de partenaires et la diversit\u00e9 de ses clients. &hellip;<\/p>\n<p class=\"read-more\"> <a class=\"\" href=\"https:\/\/www.c-s-avocats.fr\/?page_id=83\"> <span class=\"screen-reader-text\">[ Notre histoire ]<\/span> Lire la suite\u00a0\u00bb<\/a><\/p>\n","protected":false},"author":1,"featured_media":0,"parent":0,"menu_order":0,"comment_status":"closed","ping_status":"closed","template":"","meta":[],"yoast_head":"<!-- This site is optimized with the Yoast SEO plugin v15.5 - https:\/\/yoast.com\/wordpress\/plugins\/seo\/ -->\n<title>[ Notre histoire ] - C-S-AVOCATS<\/title>\n<meta name=\"robots\" content=\"index, follow, max-snippet:-1, max-image-preview:large, max-video-preview:-1\" \/>\n<link rel=\"canonical\" href=\"https:\/\/www.c-s-avocats.fr\/?page_id=83\" \/>\n<meta property=\"og:locale\" content=\"fr_FR\" \/>\n<meta property=\"og:type\" content=\"article\" \/>\n<meta property=\"og:title\" content=\"[ Notre histoire ] - C-S-AVOCATS\" \/>\n<meta property=\"og:description\" content=\"A propos de C&amp;S AVOCATS Riche d&rsquo;une exp\u00e9rience tant nationale qu\u2019internationale et d\u2019une expertise qualifi\u00e9e en droit des affaires, Jessica BRON d\u00e9cide en 2010 de fonder C&amp;S AVOCATS. Cabinet d\u2019avocats ind\u00e9pendant dont la force est le collectif : l\u2019expertise de ses avocats, la force de son r\u00e9seau de partenaires et la diversit\u00e9 de ses clients. &hellip; [ Notre histoire ] Lire la suite\u00a0\u00bb\" \/>\n<meta property=\"og:url\" content=\"https:\/\/www.c-s-avocats.fr\/?page_id=83\" \/>\n<meta property=\"og:site_name\" content=\"C-S-AVOCATS\" \/>\n<meta property=\"article:modified_time\" content=\"2020-08-21T08:12:56+00:00\" \/>\n<meta property=\"og:image\" content=\"http:\/\/www.c-s-avocats.fr\/wp-content\/uploads\/2020\/05\/Sans-titre1.png\" \/>\n<meta name=\"twitter:card\" content=\"summary_large_image\" \/>\n<meta name=\"twitter:label1\" content=\"Dur\u00e9e de lecture est.\">\n\t<meta name=\"twitter:data1\" content=\"1 minute\">\n<script type=\"application\/ld+json\" class=\"yoast-schema-graph\">{\"@context\":\"https:\/\/schema.org\",\"@graph\":[{\"@type\":\"WebSite\",\"@id\":\"https:\/\/www.c-s-avocats.fr\/#website\",\"url\":\"https:\/\/www.c-s-avocats.fr\/\",\"name\":\"C-S-AVOCATS\",\"description\":\"Conseil &amp; Strat\\u00e9gie\",\"potentialAction\":[{\"@type\":\"SearchAction\",\"target\":\"https:\/\/www.c-s-avocats.fr\/?s={search_term_string}\",\"query-input\":\"required name=search_term_string\"}],\"inLanguage\":\"fr-FR\"},{\"@type\":\"ImageObject\",\"@id\":\"https:\/\/www.c-s-avocats.fr\/?page_id=83#primaryimage\",\"inLanguage\":\"fr-FR\",\"url\":\"http:\/\/www.c-s-avocats.fr\/wp-content\/uploads\/2020\/05\/Sans-titre1.png\"},{\"@type\":\"WebPage\",\"@id\":\"https:\/\/www.c-s-avocats.fr\/?page_id=83#webpage\",\"url\":\"https:\/\/www.c-s-avocats.fr\/?page_id=83\",\"name\":\"[ Notre histoire ] - C-S-AVOCATS\",\"isPartOf\":{\"@id\":\"https:\/\/www.c-s-avocats.fr\/#website\"},\"primaryImageOfPage\":{\"@id\":\"https:\/\/www.c-s-avocats.fr\/?page_id=83#primaryimage\"},\"datePublished\":\"2020-05-02T07:35:26+00:00\",\"dateModified\":\"2020-08-21T08:12:56+00:00\",\"inLanguage\":\"fr-FR\",\"potentialAction\":[{\"@type\":\"ReadAction\",\"target\":[\"https:\/\/www.c-s-avocats.fr\/?page_id=83\"]}]}]}<\/script>\n<!-- \/ Yoast SEO plugin. -->","_links":{"self":[{"href":"https:\/\/www.c-s-avocats.fr\/index.php?rest_route=\/wp\/v2\/pages\/83"}],"collection":[{"href":"https:\/\/www.c-s-avocats.fr\/index.php?rest_route=\/wp\/v2\/pages"}],"about":[{"href":"https:\/\/www.c-s-avocats.fr\/index.php?rest_route=\/wp\/v2\/types\/page"}],"author":[{"embeddable":true,"href":"https:\/\/www.c-s-avocats.fr\/index.php?rest_route=\/wp\/v2\/users\/1"}],"replies":[{"embeddable":true,"href":"https:\/\/www.c-s-avocats.fr\/index.php?rest_route=%2Fwp%2Fv2%2Fcomments&post=83"}],"version-history":[{"count":84,"href":"https:\/\/www.c-s-avocats.fr\/index.php?rest_route=\/wp\/v2\/pages\/83\/revisions"}],"predecessor-version":[{"id":943,"href":"https:\/\/www.c-s-avocats.fr\/index.php?rest_route=\/wp\/v2\/pages\/83\/revisions\/943"}],"wp:attachment":[{"href":"https:\/\/www.c-s-avocats.fr\/index.php?rest_route=%2Fwp%2Fv2%2Fmedia&parent=83"}],"curies":[{"name":"wp","href":"https:\/\/api.w.org\/{rel}","templated":true}]}}